{"id":8,"date":"2023-01-06T11:47:27","date_gmt":"2023-01-06T11:47:27","guid":{"rendered":"http:\/\/engleski-sudski-tumac-novi-sad.com\/?page_id=8"},"modified":"2023-01-06T14:56:37","modified_gmt":"2023-01-06T14:56:37","slug":"about","status":"publish","type":"page","link":"https:\/\/engleski-sudski-tumac-novi-sad.com\/index.php\/about\/","title":{"rendered":"Usluge"},"content":{"rendered":"\n<h2><strong>Sudski tuma\u010d i prevodilac za engleski jezik<\/strong><\/h2>\n\n\n\n<p>Prevo\u0111enje dokumenata sa overom sudskog tuma\u010da sa engleskog i na engleski jezik:<\/p>\n\n\n\n<ul>\n<li>Izvodi iz mati\u010dnih knjiga ro\u0111enih, ven\u010danih ili umrlih<\/li>\n\n\n\n<li><span style=\"font-family: var(--list--font-family); background-color: var(--global--color-background); color: var(--global--color-primary); font-size: var(--global--font-size-base);\">Diplome i dodaci diplomi, svedo\u010danstva<\/span><\/li>\n\n\n\n<li><span style=\"font-family: var(--list--font-family); background-color: var(--global--color-background); color: var(--global--color-primary); font-size: var(--global--font-size-base);\">Uverenja o dr\u017eavljanstvu i mestu prebivali\u0161ta<\/span><\/li>\n\n\n\n<li><span style=\"font-family: var(--list--font-family); background-color: var(--global--color-background); color: var(--global--color-primary); font-size: var(--global--font-size-base);\">Voza\u010dke i saobra\u0107ajne dozvole<\/span><\/li>\n\n\n\n<li><span style=\"font-family: var(--list--font-family); background-color: var(--global--color-background); color: var(--global--color-primary); font-size: var(--global--font-size-base);\">Izjave o neka\u017enjavanju<\/span><\/li>\n\n\n\n<li><span style=\"font-family: var(--list--font-family); background-color: var(--global--color-background); color: var(--global--color-primary); font-size: var(--global--font-size-base);\">Overene izjave i punomo\u0107i, uverenja<\/span><\/li>\n\n\n\n<li><span style=\"font-family: var(--list--font-family); background-color: var(--global--color-background); color: var(--global--color-primary); font-size: var(--global--font-size-base);\">Sudska re\u0161enja i presuda<\/span><\/li>\n\n\n\n<li><span style=\"font-family: var(--list--font-family); background-color: var(--global--color-background); color: var(--global--color-primary); font-size: var(--global--font-size-base);\">Razli\u010dite vrste ugovora<\/span><\/li>\n\n\n\n<li><span style=\"font-family: var(--list--font-family); background-color: var(--global--color-background); color: var(--global--color-primary); font-size: var(--global--font-size-base);\">Dokumenti za vize<\/span><\/li>\n\n\n\n<li><span style=\"font-family: var(--list--font-family); background-color: var(--global--color-background); color: var(--global--color-primary); font-size: var(--global--font-size-base);\">Poslovna korespondecija<\/span><\/li>\n\n\n\n<li>Tekstovi razli\u010ditih stru\u010dnih i nau\u010dnih oblasti<\/li>\n<\/ul>\n","protected":false},"excerpt":{"rendered":"<p>Sudski tuma\u010d i prevodilac za engleski jezik Prevo\u0111enje dokumenata sa overom sudskog tuma\u010da sa engleskog i na engleski jezik:<\/p>\n","protected":false},"author":2,"featured_media":0,"parent":0,"menu_order":0,"comment_status":"closed","ping_status":"closed","template":"","meta":[],"_links":{"self":[{"href":"https:\/\/engleski-sudski-tumac-novi-sad.com\/index.php\/wp-json\/wp\/v2\/pages\/8"}],"collection":[{"href":"https:\/\/engleski-sudski-tumac-novi-sad.com\/index.php\/wp-json\/wp\/v2\/pages"}],"about":[{"href":"https:\/\/engleski-sudski-tumac-novi-sad.com\/index.php\/wp-json\/wp\/v2\/types\/page"}],"author":[{"embeddable":true,"href":"https:\/\/engleski-sudski-tumac-novi-sad.com\/index.php\/wp-json\/wp\/v2\/users\/2"}],"replies":[{"embeddable":true,"href":"https:\/\/engleski-sudski-tumac-novi-sad.com\/index.php\/wp-json\/wp\/v2\/comments?post=8"}],"version-history":[{"count":8,"href":"https:\/\/engleski-sudski-tumac-novi-sad.com\/index.php\/wp-json\/wp\/v2\/pages\/8\/revisions"}],"predecessor-version":[{"id":58,"href":"https:\/\/engleski-sudski-tumac-novi-sad.com\/index.php\/wp-json\/wp\/v2\/pages\/8\/revisions\/58"}],"wp:attachment":[{"href":"https:\/\/engleski-sudski-tumac-novi-sad.com\/index.php\/wp-json\/wp\/v2\/media?parent=8"}],"curies":[{"name":"wp","href":"https:\/\/api.w.org\/{rel}","templated":true}]}}