{"id":7,"date":"2023-01-06T11:47:27","date_gmt":"2023-01-06T11:47:27","guid":{"rendered":"http:\/\/engleski-sudski-tumac-novi-sad.com\/?page_id=7"},"modified":"2023-01-06T14:56:19","modified_gmt":"2023-01-06T14:56:19","slug":"create-your-website-with-blocks","status":"publish","type":"page","link":"https:\/\/engleski-sudski-tumac-novi-sad.com\/","title":{"rendered":"Untitled"},"content":{"rendered":"\n<h1 class=\"alignwide has-text-align-wide has-extra-large-font-size\" style=\"line-height:1.1\"><strong>Ljubica \u0160obot \u2013 sudski tuma\u010d i prevodilac sa iskustvom<\/strong><\/h1>\n\n\n\n<p>Ljubica \u0160obot se poslom sudskog tuma\u010da i prevodioca za engleski jezik bavi ve\u0107 vi\u0161e od 20 godina. Poseduje \u0161iroko iskustvo u prevo\u0111enju razli\u010ditih vrsta zvani\u010dnih dokumenata, ugovora, poslovne i pravne dokumentacije. Pored diplome profesora engleskog jezika ste\u010dene na Filozofskom fakultetu u Novom Sadu, sudski tuma\u010d i prevodilac Ljubica \u0160obot zavr\u0161ila je obuku za nau\u010dne, stru\u010dne i sudske prevodioce, koja pored sudskog prevo\u0111enja obuhvata razli\u010dite nau\u010dne i stru\u010dne oblasti.<\/p>\n\n\n\n<p>Pe\u010dat sudskog tuma\u010da garantuje da je prevod istovetan originalu na izvornom (engleskom ili srpskom) jeziku.<\/p>\n\n\n\n<div class=\"is-layout-flex wp-container-3 wp-block-columns alignwide are-vertically-aligned-center is-style-twentytwentyone-columns-overlap\">\n<div class=\"is-layout-flow wp-block-column is-vertically-aligned-center\"><\/div>\n\n\n\n<div class=\"is-layout-flow wp-block-column is-vertically-aligned-center\"><\/div>\n<\/div>\n\n\n\n<h2 class=\"has-text-align-center has-gray-color has-white-background-color has-text-color has-background has-normal-font-size\">Ljubica \u0160obot, Hilandarska 1, Novi Sad <\/h2>\n\n\n\n<h2 class=\"has-text-align-center has-gray-color has-white-background-color has-text-color has-background has-normal-font-size\">sobot.ljubica@gmail.com                  0641789905<\/h2>\n","protected":false},"excerpt":{"rendered":"<p>Ljubica \u0160obot \u2013 sudski tuma\u010d i prevodilac sa iskustvom Ljubica \u0160obot se poslom sudskog tuma\u010da i prevodioca za engleski jezik bavi ve\u0107 vi\u0161e od 20 godina. Poseduje \u0161iroko iskustvo u prevo\u0111enju razli\u010ditih vrsta zvani\u010dnih dokumenata, ugovora, poslovne i pravne dokumentacije. Pored diplome profesora engleskog jezika ste\u010dene na Filozofskom fakultetu u Novom Sadu, sudski tuma\u010d i&hellip; <a class=\"more-link\" href=\"https:\/\/engleski-sudski-tumac-novi-sad.com\/\">Continue reading <span class=\"screen-reader-text\">Untitled<\/span><\/a><\/p>\n","protected":false},"author":2,"featured_media":0,"parent":0,"menu_order":0,"comment_status":"closed","ping_status":"closed","template":"","meta":[],"_links":{"self":[{"href":"https:\/\/engleski-sudski-tumac-novi-sad.com\/index.php\/wp-json\/wp\/v2\/pages\/7"}],"collection":[{"href":"https:\/\/engleski-sudski-tumac-novi-sad.com\/index.php\/wp-json\/wp\/v2\/pages"}],"about":[{"href":"https:\/\/engleski-sudski-tumac-novi-sad.com\/index.php\/wp-json\/wp\/v2\/types\/page"}],"author":[{"embeddable":true,"href":"https:\/\/engleski-sudski-tumac-novi-sad.com\/index.php\/wp-json\/wp\/v2\/users\/2"}],"replies":[{"embeddable":true,"href":"https:\/\/engleski-sudski-tumac-novi-sad.com\/index.php\/wp-json\/wp\/v2\/comments?post=7"}],"version-history":[{"count":10,"href":"https:\/\/engleski-sudski-tumac-novi-sad.com\/index.php\/wp-json\/wp\/v2\/pages\/7\/revisions"}],"predecessor-version":[{"id":57,"href":"https:\/\/engleski-sudski-tumac-novi-sad.com\/index.php\/wp-json\/wp\/v2\/pages\/7\/revisions\/57"}],"wp:attachment":[{"href":"https:\/\/engleski-sudski-tumac-novi-sad.com\/index.php\/wp-json\/wp\/v2\/media?parent=7"}],"curies":[{"name":"wp","href":"https:\/\/api.w.org\/{rel}","templated":true}]}}